{"id":75800,"date":"2020-08-27T09:25:51","date_gmt":"2020-08-27T09:25:51","guid":{"rendered":"https:\/\/grupocogullada.com\/?page_id=75800"},"modified":"2020-10-22T10:04:43","modified_gmt":"2020-10-22T10:04:43","slug":"contact","status":"publish","type":"page","link":"https:\/\/grupocogullada.com\/fr\/contact\/","title":{"rendered":"Contact"},"content":{"rendered":"<div class=\"wpb-content-wrapper\"><p>[vc_row unlock_row_content=\u00a0\u00bbyes\u00a0\u00bb row_height_percent=\u00a0\u00bb0&Prime; override_padding=\u00a0\u00bbyes\u00a0\u00bb h_padding=\u00a0\u00bb0&Prime; top_padding=\u00a0\u00bb0&Prime; bottom_padding=\u00a0\u00bb0&Prime; overlay_alpha=\u00a0\u00bb100&Prime; equal_height=\u00a0\u00bbyes\u00a0\u00bb gutter_size=\u00a0\u00bb0&Prime; shift_y=\u00a0\u00bb0&Prime; style=\u00a0\u00bbinherited\u00a0\u00bb][vc_column column_width_percent=\u00a0\u00bb100&Prime; position_vertical=\u00a0\u00bbmiddle\u00a0\u00bb override_padding=\u00a0\u00bbyes\u00a0\u00bb column_padding=\u00a0\u00bb4&Prime; overlay_alpha=\u00a0\u00bb100&Prime; gutter_size=\u00a0\u00bb3&Prime; medium_width=\u00a0\u00bb0&Prime; mobile_width=\u00a0\u00bb0&Prime; shift_x=\u00a0\u00bb0&Prime; shift_y=\u00a0\u00bb0&Prime; shift_y_down=\u00a0\u00bb0&Prime; z_index=\u00a0\u00bb0&Prime; zoom_width=\u00a0\u00bb0&Prime; zoom_height=\u00a0\u00bb0&Prime; width=\u00a0\u00bb1\/2&Prime;][vc_custom_heading heading_semantic=\u00a0\u00bbh3&Prime; text_size=\u00a0\u00bbh3&Prime; text_weight=\u00a0\u00bb700&Prime; text_transform=\u00a0\u00bbuppercase\u00a0\u00bb text_color=\u00a0\u00bbaccent\u00a0\u00bb text_align=\u00a0\u00bbtext-left\u00a0\u00bb text_uppercase=\u00a0\u00bb\u00a0\u00bb]<img decoding=\"async\" class=\"wp-image-73556 alignleft\" src=\"https:\/\/grupocogullada.com\/wp-content\/uploads\/2014\/12\/SICC.jpg\" alt=\"\" width=\"104\" height=\"75\" \/>[\/vc_custom_heading][vc_separator][vc_empty_space empty_h=\u00a0\u00bb2&Prime;][vc_icon position=\u00a0\u00bbleft\u00a0\u00bb display=\u00a0\u00bbinline\u00a0\u00bb icon=\u00a0\u00bbfa fa-location2&Prime; icon_color=\u00a0\u00bbcolor-cogu\u00a0\u00bb size=\u00a0\u00bbfa-2x\u00a0\u00bb text_lead=\u00a0\u00bbyes\u00a0\u00bb]Ctra. Alcora, km. 17,3 \u00a012130 San Juan de Mor\u00f3,\u00a0Castell\u00f3n[\/vc_icon][vc_empty_space empty_h=\u00a0\u00bb1&Prime;][vc_icon position=\u00a0\u00bbleft\u00a0\u00bb display=\u00a0\u00bbinline\u00a0\u00bb icon=\u00a0\u00bbfa fa-map\u00a0\u00bb icon_color=\u00a0\u00bbcolor-cogu\u00a0\u00bb size=\u00a0\u00bbfa-2x\u00a0\u00bb text_lead=\u00a0\u00bbyes\u00a0\u00bb]Cliquez sur les coordonn\u00e9es pour acc\u00e9der \u00e0 Google Maps <a href=\"https:\/\/www.google.com\/maps\/place\/40\u00b002'31.6%22N+0\u00b009'13.6%22W\/@40.0421121,-0.1559707,17z\/data=!3m1!4b1!4m5!3m4!1s0x0:0x0!8m2!3d40.042108!4d-0.153782\" target=\"_blank\" rel=\"noopener noreferrer\">40.042108, -0.153782<\/a>[\/vc_icon][vc_empty_space empty_h=\u00a0\u00bb1&Prime;][vc_icon position=\u00a0\u00bbleft\u00a0\u00bb display=\u00a0\u00bbinline\u00a0\u00bb icon=\u00a0\u00bbfa fa-phone\u00a0\u00bb icon_color=\u00a0\u00bbcolor-cogu\u00a0\u00bb size=\u00a0\u00bbfa-2x\u00a0\u00bb text_lead=\u00a0\u00bbyes\u00a0\u00bb]964 32 82 00[\/vc_icon][vc_empty_space empty_h=\u00a0\u00bb1&Prime;][vc_icon position=\u00a0\u00bbleft\u00a0\u00bb display=\u00a0\u00bbinline\u00a0\u00bb icon=\u00a0\u00bbfa fa-envelope\u00a0\u00bb icon_color=\u00a0\u00bbcolor-cogu\u00a0\u00bb size=\u00a0\u00bbfa-2x\u00a0\u00bb text_lead=\u00a0\u00bbyes\u00a0\u00bb]<span style=\"color: #000000;\"><a style=\"color: #000000;\" href=\"mailto:info@grupocogullada.com\">info@grupocogullada.com<\/a><\/span>[\/vc_icon][vc_empty_space empty_h=\u00a0\u00bb1&Prime;][vc_gmaps zoom=\u00a0\u00bb14&Prime; map_saturation=\u00a0\u00bb-20&Prime; map_brightness=\u00a0\u00bb5&Prime; latlon=\u00a0\u00bb40.041965, -0.153768&Prime; size=\u00a0\u00bb350&Prime;][\/vc_column][vc_column column_width_percent=\u00a0\u00bb100&Prime; position_vertical=\u00a0\u00bbmiddle\u00a0\u00bb override_padding=\u00a0\u00bbyes\u00a0\u00bb column_padding=\u00a0\u00bb4&Prime; overlay_alpha=\u00a0\u00bb50&Prime; gutter_size=\u00a0\u00bb3&Prime; medium_width=\u00a0\u00bb0&Prime; mobile_width=\u00a0\u00bb0&Prime; shift_x=\u00a0\u00bb0&Prime; shift_y=\u00a0\u00bb0&Prime; shift_y_down=\u00a0\u00bb0&Prime; z_index=\u00a0\u00bb0&Prime; width=\u00a0\u00bb1\/2&Prime;][vc_custom_heading heading_semantic=\u00a0\u00bbh3&Prime; text_size=\u00a0\u00bbh3&Prime; text_weight=\u00a0\u00bb700&Prime; text_transform=\u00a0\u00bbuppercase\u00a0\u00bb text_color=\u00a0\u00bbaccent\u00a0\u00bb text_align=\u00a0\u00bbtext-left\u00a0\u00bb text_uppercase=\u00a0\u00bb\u00a0\u00bb]<\/p>\n<p style=\"text-align: none;\"><img decoding=\"async\" class=\"size-full wp-image-54650 alignnone\" src=\"https:\/\/grupocogullada.com\/wp-content\/uploads\/2017\/03\/logo-decoroil.jpg\" alt=\"\" width=\"152\" height=\"82\" srcset=\"https:\/\/grupocogullada.com\/wp-content\/uploads\/2017\/03\/logo-decoroil.jpg 152w, https:\/\/grupocogullada.com\/wp-content\/uploads\/2017\/03\/logo-decoroil-150x82.jpg 150w\" sizes=\"(max-width: 152px) 100vw, 152px\" \/><\/p>\n<p>[\/vc_custom_heading][vc_separator][vc_empty_space empty_h=\u00a0\u00bb2&Prime;][vc_icon position=\u00a0\u00bbleft\u00a0\u00bb display=\u00a0\u00bbinline\u00a0\u00bb icon=\u00a0\u00bbfa fa-location2&Prime; icon_color=\u00a0\u00bbcolor-cogu\u00a0\u00bb size=\u00a0\u00bbfa-2x\u00a0\u00bb text_lead=\u00a0\u00bbyes\u00a0\u00bb]Traves\u00eda 1\u00aa\u00a0Camino Viejo, 15 \u00a012200 Onda,\u00a0Castell\u00f3n[\/vc_icon][vc_empty_space empty_h=\u00a0\u00bb1&Prime;][vc_icon position=\u00a0\u00bbleft\u00a0\u00bb display=\u00a0\u00bbinline\u00a0\u00bb icon=\u00a0\u00bbfa fa-map\u00a0\u00bb icon_color=\u00a0\u00bbcolor-cogu\u00a0\u00bb size=\u00a0\u00bbfa-2x\u00a0\u00bb text_lead=\u00a0\u00bbyes\u00a0\u00bb]Cliquez sur les coordonn\u00e9es pour acc\u00e9der \u00e0 Google Maps <a href=\"https:\/\/www.google.com\/maps\/place\/39\u00b057'48.1%22N+0\u00b013'19.4%22W\/@39.9633601,-0.2242387,17z\/data=!3m1!4b1!4m5!3m4!1s0x0:0x0!8m2!3d39.963356!4d-0.22205\" target=\"_blank\" rel=\"noopener noreferrer\">39.963356, -0.222050<\/a>[\/vc_icon][vc_empty_space empty_h=\u00a0\u00bb1&Prime;][vc_icon position=\u00a0\u00bbleft\u00a0\u00bb display=\u00a0\u00bbinline\u00a0\u00bb icon=\u00a0\u00bbfa fa-phone\u00a0\u00bb icon_color=\u00a0\u00bbcolor-cogu\u00a0\u00bb size=\u00a0\u00bbfa-2x\u00a0\u00bb text_lead=\u00a0\u00bbyes\u00a0\u00bb]964 32 82 00[\/vc_icon][vc_empty_space empty_h=\u00a0\u00bb1&Prime;][vc_icon position=\u00a0\u00bbleft\u00a0\u00bb display=\u00a0\u00bbinline\u00a0\u00bb icon=\u00a0\u00bbfa fa-envelope\u00a0\u00bb icon_color=\u00a0\u00bbcolor-cogu\u00a0\u00bb size=\u00a0\u00bbfa-2x\u00a0\u00bb text_lead=\u00a0\u00bbyes\u00a0\u00bb]<span style=\"color: #000000;\"><a style=\"color: #000000;\" href=\"mailto:info@decoroil.com\">info@decoroil.com<\/a><\/span>[\/vc_icon][vc_empty_space empty_h=\u00a0\u00bb1&Prime;][vc_gmaps zoom=\u00a0\u00bb14&Prime; map_saturation=\u00a0\u00bb-20&Prime; map_brightness=\u00a0\u00bb5&Prime; latlon=\u00a0\u00bb39.963159, -0.222060&Prime; size=\u00a0\u00bb350&Prime;][\/vc_column][\/vc_row][vc_row unlock_row_content=\u00a0\u00bbyes\u00a0\u00bb row_height_percent=\u00a0\u00bb0&Prime; override_padding=\u00a0\u00bbyes\u00a0\u00bb h_padding=\u00a0\u00bb0&Prime; top_padding=\u00a0\u00bb0&Prime; bottom_padding=\u00a0\u00bb0&Prime; overlay_alpha=\u00a0\u00bb50&Prime; gutter_size=\u00a0\u00bb3&Prime; shift_y=\u00a0\u00bb0&Prime;][vc_column column_width_percent=\u00a0\u00bb100&Prime; align_horizontal=\u00a0\u00bbalign_center\u00a0\u00bb overlay_alpha=\u00a0\u00bb50&Prime; gutter_size=\u00a0\u00bb3&Prime; medium_width=\u00a0\u00bb0&Prime; mobile_width=\u00a0\u00bb0&Prime; shift_x=\u00a0\u00bb0&Prime; shift_y=\u00a0\u00bb0&Prime; shift_y_down=\u00a0\u00bb0&Prime; z_index=\u00a0\u00bb0&Prime; width=\u00a0\u00bb1\/4&Prime;][\/vc_column][vc_column column_width_percent=\u00a0\u00bb100&Prime; align_horizontal=\u00a0\u00bbalign_center\u00a0\u00bb overlay_alpha=\u00a0\u00bb50&Prime; gutter_size=\u00a0\u00bb3&Prime; medium_width=\u00a0\u00bb0&Prime; mobile_width=\u00a0\u00bb0&Prime; shift_x=\u00a0\u00bb0&Prime; shift_y=\u00a0\u00bb0&Prime; shift_y_down=\u00a0\u00bb0&Prime; z_index=\u00a0\u00bb0&Prime; width=\u00a0\u00bb1\/2&Prime;][vc_custom_heading heading_semantic=\u00a0\u00bbh3&Prime; text_size=\u00a0\u00bbh1&Prime; text_font=\u00a0\u00bbfont-376285&Prime; text_weight=\u00a0\u00bb300&Prime; text_color=\u00a0\u00bbaccent\u00a0\u00bb text_align=\u00a0\u00bbtext-left\u00a0\u00bb]<span class=\"font-762333\">Contactez-nous<\/span>[\/vc_custom_heading][vc_separator][contact-form-7 id=\u00a0\u00bb77274&Prime;][vc_column_text]<span class=\"font-762333\">Responsable: SUMINISTROS INDUSTRIALES COGULLADA CASTELLON, S.L. CIF B12039905. CARRETERA DE ALCORA KM.17,300 CP12130 SAN JUAN DE MORO (CASTELLON)<br \/>\n<\/span><\/p>\n<p><span class=\"font-762333\">La finalit\u00e9 du traitement des donn\u00e9es pour lequel vous donnez votre consentement sera de g\u00e9rer les donn\u00e9es des clients \/ utilisateurs qui acc\u00e8dent au formulaire de contact sur le site Web de l&rsquo;entit\u00e9, de r\u00e9pondre \u00e0 leurs questions et \/ ou d&rsquo;envoyer de la publicit\u00e9 produit ou services susceptibles de vous int\u00e9resser. Les donn\u00e9es fournies seront conserv\u00e9es tant que vous ne demanderez pas la cessation de l&rsquo;activit\u00e9 et ne seront pas c\u00e9d\u00e9es \u00e0 des tiers, sauf obligation l\u00e9gale. Vous disposez d&rsquo;un droit d&rsquo;acc\u00e8s, de rectification ou de demande de suppression lorsque les donn\u00e9es ne sont plus n\u00e9cessaires aux fins qui ont \u00e9t\u00e9 collect\u00e9es dans les conditions pr\u00e9vues par la loi, qui peuvent \u00eatre exerc\u00e9es en \u00e9crivant \u00e0 leur responsable \u00e0 l&rsquo;adresse e- Courriel portilles@grupocogullada.com<\/span>[\/vc_column_text][\/vc_column][vc_column width=\u00a0\u00bb1\/4&Prime;][\/vc_column][\/vc_row][vc_row unlock_row_content=\u00a0\u00bbyes\u00a0\u00bb row_height_percent=\u00a0\u00bb0&Prime; override_padding=\u00a0\u00bbyes\u00a0\u00bb h_padding=\u00a0\u00bb0&Prime; top_padding=\u00a0\u00bb0&Prime; bottom_padding=\u00a0\u00bb0&Prime; overlay_alpha=\u00a0\u00bb50&Prime; gutter_size=\u00a0\u00bb3&Prime; shift_y=\u00a0\u00bb0&Prime;][vc_column width=\u00a0\u00bb1\/1&Prime;][vc_empty_space empty_h=\u00a0\u00bb3&Prime;][\/vc_column][\/vc_row]<\/p>\n<\/div>","protected":false},"excerpt":{"rendered":"<p>[vc_row unlock_row_content=\u00a0\u00bbyes\u00a0\u00bb row_height_percent=\u00a0\u00bb0&Prime; override_padding=\u00a0\u00bbyes\u00a0\u00bb h_padding=\u00a0\u00bb0&Prime; top_padding=\u00a0\u00bb0&Prime; bottom_padding=\u00a0\u00bb0&Prime; overlay_alpha=\u00a0\u00bb100&Prime; equal_height=\u00a0\u00bbyes\u00a0\u00bb gutter_size=\u00a0\u00bb0&Prime; shift_y=\u00a0\u00bb0&Prime; style=\u00a0\u00bbinherited\u00a0\u00bb][vc_column column_width_percent=\u00a0\u00bb100&Prime; position_vertical=\u00a0\u00bbmiddle\u00a0\u00bb override_padding=\u00a0\u00bbyes\u00a0\u00bb column_padding=\u00a0\u00bb4&Prime; overlay_alpha=\u00a0\u00bb100&Prime; gutter_size=\u00a0\u00bb3&Prime; medium_width=\u00a0\u00bb0&Prime; mobile_width=\u00a0\u00bb0&Prime; [&hellip;]<\/p>\n","protected":false},"author":1,"featured_media":0,"parent":0,"menu_order":0,"comment_status":"open","ping_status":"closed","template":"","meta":{"footnotes":""},"class_list":["post-75800","page","type-page","status-publish","hentry"],"_links":{"self":[{"href":"https:\/\/grupocogullada.com\/fr\/wp-json\/wp\/v2\/pages\/75800","targetHints":{"allow":["GET"]}}],"collection":[{"href":"https:\/\/grupocogullada.com\/fr\/wp-json\/wp\/v2\/pages"}],"about":[{"href":"https:\/\/grupocogullada.com\/fr\/wp-json\/wp\/v2\/types\/page"}],"author":[{"embeddable":true,"href":"https:\/\/grupocogullada.com\/fr\/wp-json\/wp\/v2\/users\/1"}],"replies":[{"embeddable":true,"href":"https:\/\/grupocogullada.com\/fr\/wp-json\/wp\/v2\/comments?post=75800"}],"version-history":[{"count":4,"href":"https:\/\/grupocogullada.com\/fr\/wp-json\/wp\/v2\/pages\/75800\/revisions"}],"predecessor-version":[{"id":77275,"href":"https:\/\/grupocogullada.com\/fr\/wp-json\/wp\/v2\/pages\/75800\/revisions\/77275"}],"wp:attachment":[{"href":"https:\/\/grupocogullada.com\/fr\/wp-json\/wp\/v2\/media?parent=75800"}],"curies":[{"name":"wp","href":"https:\/\/api.w.org\/{rel}","templated":true}]}}